{"id":1419,"date":"2019-01-02T03:41:36","date_gmt":"2019-01-02T03:41:36","guid":{"rendered":"http:\/\/store.al-tet.com\/?post_type=product&#038;p=1419"},"modified":"2019-01-02T03:41:37","modified_gmt":"2019-01-02T03:41:37","slug":"nj-pa-pd","status":"publish","type":"product","link":"http:\/\/store.al-tet.com\/index.php\/product\/nj-pa-pd\/","title":{"rendered":"NJ-PA \/ PD"},"content":{"rendered":"<p>\u2022 AC input type (100 to 240 VAC)\/DC input type (24 VDC) with 30 W output allows power supply to large-scale configurations.<\/p>\n<p>\u2022 Operating output contact indicates the CPU operation status (available in all models).<\/p>\n<p>&nbsp;<\/p>\n<h4 class=\"heading-B02\">International Standards<\/h4>\n<div class=\"component-blockA01\">\n<div class=\"text\">\n<ul class=\"listA01\">\n<li>The standards are abbreviated as follows: U: UL, U1: UL(Class I Division 2 Products for Hazardous Locations), C: CSA, UC: cULus, UC1: cULus (Class I Division 2 Products for Hazardous Locations), CU: cUL, N: NK, L: Lloyd, and CE: EC Directives.<\/li>\n<li>Contact your OMRON representative for further details and applicable conditions for these standards.<\/li>\n<\/ul>\n<\/div>\n<\/div>\n<h4 class=\"heading-A02\">Power Supply Units<\/h4>\n<div class=\"component-blockA01\">\n<div class=\"text\">\n<div class=\"table-blockA01\">\n<table class=\"tableA01\" border=\"0\" cellspacing=\"0\">\n<tbody>\n<tr>\n<th class=\"heading center middle\" colspan=\"2\" rowspan=\"2\"><strong>Product Name<\/strong><\/th>\n<td class=\"heading center middle\" colspan=\"1\" rowspan=\"2\"><strong>Power<br \/>\nsupply<br \/>\nvoltage<\/strong><\/td>\n<th class=\"heading center middle\" colspan=\"2\" rowspan=\"1\"><strong>Output current<\/strong><\/th>\n<td class=\"heading center middle\"><strong>Output<br \/>\ncapacity<\/strong><\/td>\n<th class=\"heading center middle\" colspan=\"3\" rowspan=\"1\"><strong>Options<\/strong><\/th>\n<td class=\"heading center middle\" colspan=\"1\" rowspan=\"2\"><strong>Model<\/strong><\/td>\n<th class=\"heading center middle\" colspan=\"1\" rowspan=\"2\"><strong>Stand-<br \/>\nards<\/strong><\/th>\n<\/tr>\n<tr>\n<th class=\"heading center middle\"><strong>5-VDC<br \/>\noutput<br \/>\ncapacity<\/strong><\/th>\n<td class=\"heading center middle\"><strong>24-VDC<br \/>\noutput<br \/>\ncapacity<\/strong><\/td>\n<th class=\"heading center middle\"><strong>Total<br \/>\npower<br \/>\ncon-<br \/>\nsump-<br \/>\ntion<\/strong><\/th>\n<td class=\"heading center middle\"><strong>24-<br \/>\nVDC<br \/>\nservice<br \/>\npower<br \/>\nsupply<\/strong><\/td>\n<th class=\"heading center middle\"><strong>RUN<br \/>\noutput<\/strong><\/th>\n<td class=\"heading center middle\"><strong>Main-<br \/>\ntenance<br \/>\nforecast<br \/>\nmonitor<\/strong><\/td>\n<\/tr>\n<tr>\n<th class=\"heading left middle\"><strong>AC<br \/>\nPower<br \/>\nSupply<br \/>\nUnit<\/strong><\/th>\n<td class=\"heading center middle\" colspan=\"1\" rowspan=\"2\">\n<div class=\"image\"><strong><img src=\"http:\/\/www.ia.omron.com\/tab\/family\/3076\/img\/3076_lu_1_1.gif\" \/><\/strong><\/div>\n<\/td>\n<td class=\"center middle\">100 to<br \/>\n240<br \/>\nVAC<\/td>\n<td class=\"center middle\" colspan=\"1\" rowspan=\"2\">6.0 A<\/td>\n<td class=\"center middle\" colspan=\"1\" rowspan=\"2\">1.0 A<\/td>\n<td class=\"center middle\" colspan=\"1\" rowspan=\"2\">30 W<\/td>\n<td class=\"center middle\" colspan=\"1\" rowspan=\"2\">No<\/td>\n<td class=\"center middle\" colspan=\"1\" rowspan=\"2\">Yes<\/td>\n<td class=\"center middle\" colspan=\"1\" rowspan=\"2\">No<\/td>\n<td class=\"left middle\"><strong>NJ-PA3001<\/strong><\/td>\n<td class=\"left middle\" colspan=\"1\" rowspan=\"2\">UC1, N,<br \/>\nL, CE<\/td>\n<\/tr>\n<tr>\n<th class=\"heading left middle\"><strong>DC<br \/>\nPower<br \/>\nSupply<br \/>\nUnit<\/strong><\/th>\n<td class=\"center middle\">24 VDC<\/td>\n<td class=\"left middle\"><strong>NJ-PD3001<\/strong><\/td>\n<\/tr>\n<\/tbody>\n<\/table>\n<\/div>\n<\/div>\n<\/div>\n<div class=\"component-blockA01\">\n<div class=\"text\">\n<div>Note: Power supply units for the CJ-Series cannot be used as a power supply for a CPU rack of the NJ system or as a<br \/>\npower supply for an expansion rack.<\/div>\n<\/div>\n<\/div>\n<div><\/div>\n<div>\n<h4 class=\"heading-A02\">General Specification<\/h4>\n<div class=\"component-blockA01\">\n<div class=\"text\">\n<div class=\"table-blockA01\">\n<table class=\"tableA01\" border=\"0\" cellspacing=\"0\">\n<tbody>\n<tr class=\"first-child\">\n<th class=\"heading center middle\"><strong>Item<\/strong><\/th>\n<th class=\"heading center middle\" colspan=\"2\" rowspan=\"1\"><strong>Specifications<\/strong><\/th>\n<\/tr>\n<tr>\n<th class=\"heading left middle\"><strong>Model<\/strong><\/th>\n<td class=\"left middle\">NJ-PA3001<\/td>\n<td class=\"left middle\">NJ-PD3001<\/td>\n<\/tr>\n<tr>\n<th class=\"heading left middle\"><strong>Supply voltage<\/strong><\/th>\n<td class=\"left middle\">100 to 240 VAC (wide-range), 50\/60 Hz<\/td>\n<td class=\"left middle\">24 VDC<\/td>\n<\/tr>\n<tr>\n<th class=\"heading left middle\"><strong>Operating voltage and<br \/>\nfrequency ranges<\/strong><\/th>\n<td class=\"left middle\">85 to 264 VAC, 47 to 63 Hz<\/td>\n<td class=\"left middle\">19.2 to 28.8 VDC<\/td>\n<\/tr>\n<tr>\n<th class=\"heading left middle\"><strong>Power consumption<\/strong><\/th>\n<td class=\"left middle\">120 VA max.<\/td>\n<td class=\"left middle\">60 W max.<\/td>\n<\/tr>\n<tr>\n<th class=\"heading left middle\"><strong>Inrush current *1<\/strong><\/th>\n<td class=\"left middle\">At 100 VAC: 20 A\/8 ms max. for cold start at<br \/>\nroom temperature<br \/>\nAt 200 VAC: 40 A\/8 ms max. for cold start at<br \/>\nroom temperature<\/td>\n<td class=\"left middle\">At 24 VDC: 30 A\/20 ms max. for cold start<\/td>\n<\/tr>\n<tr>\n<th class=\"heading left middle\"><strong>Output capacity *2<\/strong><\/th>\n<td class=\"left middle\" colspan=\"2\" rowspan=\"1\">5 VDC, 6.0 A (including supply to CPU Unit using CPU Rack)<br \/>\n5 VDC, 6.0 A (using Expansion Rack)<br \/>\n24 VDC, 1.0 A<br \/>\nTotal: 30 W max.<\/td>\n<\/tr>\n<tr>\n<th class=\"heading left middle\"><strong>Output terminal<br \/>\n(service supply)<\/strong><\/th>\n<td class=\"left middle\" colspan=\"2\" rowspan=\"1\">Not provided<\/td>\n<\/tr>\n<tr>\n<th class=\"heading left middle\"><strong>RUN output *3<\/strong><\/th>\n<td class=\"left middle\" colspan=\"2\" rowspan=\"1\">Contact configuration: SPST-NO<br \/>\nSwitch capacity: 250 VAC, 2 A (resistive load)<br \/>\n120 VAC, 0.5 A (inductive load), 24 VDC, 2A (resistive load)<\/td>\n<\/tr>\n<tr>\n<th class=\"heading left middle\"><strong>Replacement<br \/>\nnotification\u3000function<\/strong><\/th>\n<td class=\"left middle\" colspan=\"2\" rowspan=\"1\">Not provided<\/td>\n<\/tr>\n<tr>\n<th class=\"heading left middle\"><strong>Insulation resistance<br \/>\n*4<\/strong><\/th>\n<td class=\"left middle\">20 M\u03a9 min. (at 500 VDC) between AC<br \/>\nexternal and GR terminals<\/td>\n<td class=\"left middle\">20 M\u03a9 min. (at 500 VDC) between DC<br \/>\nexternal and GR terminals<\/td>\n<\/tr>\n<tr>\n<th class=\"heading left middle\"><strong>Dielectric strength<br \/>\n*4 *5<\/strong><\/th>\n<td class=\"left middle\">2,300 VAC 50\/60 Hz for 1 min between AC<br \/>\nexternal and GR terminals<br \/>\nLeakage current: 10 mA max.<\/td>\n<td class=\"left middle\">1,000 VAC 50\/60 Hz for 1 min between DC<br \/>\nexternal and GR terminals<br \/>\nLeakage current: 10 mA max.<\/td>\n<\/tr>\n<tr>\n<th class=\"heading left middle\"><strong>Noise immunity<\/strong><\/th>\n<td class=\"left middle\" colspan=\"2\" rowspan=\"1\">2 kV on power supply line (Conforms to IEC 61000-4-4.)<\/td>\n<\/tr>\n<tr>\n<th class=\"heading left middle\"><strong>Vibration resistance<\/strong><\/th>\n<td class=\"left middle\" colspan=\"2\" rowspan=\"1\">5 to 8.4 Hz, 3.5-mm amplitude, 8.4 to 150 Hz, acceleration: 9.8 m\/s<sup>2<\/sup>\u00a0in X, Y, and Z directions<br \/>\nfor 100 min (Time coefficient: 10 min \u00d7 coefficient factor 10 = total time 100 min)<br \/>\n(according to IEC 60068-2-6)<\/td>\n<\/tr>\n<tr>\n<th class=\"heading left middle\"><strong>Shock resistance<\/strong><\/th>\n<td class=\"left middle\" colspan=\"2\" rowspan=\"1\">147 m\/s<sup>2<\/sup>\u00a03 times each in X, Y, and Z directions (Relay Output Unit: 100 m\/s<sup>2<\/sup>) (according to<br \/>\nIEC 60068-2-27)<\/td>\n<\/tr>\n<tr>\n<th class=\"heading left middle\"><strong>Ambient operating<br \/>\ntemperature<\/strong><\/th>\n<td class=\"left middle\" colspan=\"2\" rowspan=\"1\">0 to 55\u00b0C<\/td>\n<\/tr>\n<tr>\n<th class=\"heading left middle\"><strong>Ambient operating<br \/>\nhumidity<\/strong><\/th>\n<td class=\"left middle\" colspan=\"2\" rowspan=\"1\">10% to 90% (with no condensation)<\/td>\n<\/tr>\n<tr>\n<th class=\"heading left middle\"><strong>Atmosphere<\/strong><\/th>\n<td class=\"left middle\" colspan=\"2\" rowspan=\"1\">Must be free from corrosive gases.<\/td>\n<\/tr>\n<tr>\n<th class=\"heading left middle\"><strong>Ambient storage<br \/>\ntemperature<\/strong><\/th>\n<td class=\"left middle\" colspan=\"2\" rowspan=\"1\">-20 to 75\u00b0C<\/td>\n<\/tr>\n<tr>\n<th class=\"heading left middle\"><strong>Grounding<\/strong><\/th>\n<td class=\"left middle\" colspan=\"2\" rowspan=\"1\">Less than 100 \u03a9<\/td>\n<\/tr>\n<tr>\n<th class=\"heading left middle\"><strong>Enclosure<\/strong><\/th>\n<td class=\"left middle\" colspan=\"2\" rowspan=\"1\">Mounted in panel<\/td>\n<\/tr>\n<tr>\n<th class=\"heading left middle\"><strong>Weight<\/strong><\/th>\n<td class=\"left middle\">470 g max.<\/td>\n<td class=\"left middle\">490 g max.<\/td>\n<\/tr>\n<tr>\n<th class=\"heading left middle\"><strong>CPU Rack dimensions<\/strong><\/th>\n<td class=\"left middle\" colspan=\"2\" rowspan=\"1\">174.7 to 484.7 \u00d7 90 \u00d7 90 mm (W \u00d7 D \u00d7 H) (not including cables)<br \/>\nW = 70 (Power Supply Unit) + 90 (CPU Unit) + 20 \u00d7 n + 31 \u00d7 m + 14.7 (end cover)<br \/>\nn is the number of 32-point I\/O Units or I\/O Control Units and m is the number of other Units.<\/td>\n<\/tr>\n<tr>\n<th class=\"heading left middle\"><strong>Safety measures<\/strong><\/th>\n<td class=\"left middle\" colspan=\"2\" rowspan=\"1\">Conforms to cULus, EC Directives, NK and LR.<\/td>\n<\/tr>\n<\/tbody>\n<\/table>\n<\/div>\n<\/div>\n<\/div>\n<div class=\"component-blockA01\">\n<div class=\"text\">\n<div>*1. The AC and DC values above are given for a cold start, and the AC values are at room temperature. The AC inrush<br \/>\ncontrol circuit uses a thermistor element with a low-temperature current control characteristic. If the ambient<br \/>\ntemperature is high or the Controller is hot-started, the thermistor will not be sufficiently cool, and the inrush<br \/>\ncurrent given in the table may be exceeded by up to twice the given value. The DC inrush control circuit uses a<br \/>\ncapacitor-charging delay circuit. If the power is OFF for only a short time for a hot-start, the capacitor will not<br \/>\nsufficiently discharge and the inrush current given in the table may be exceeded by up to twice the given value. An<br \/>\ninrush current of approximately 4 A may occur and continue for 1 s when the power is turned ON. When selecting<br \/>\nfuses, breakers, and external DC power supply devices for external circuits, allow sufficient margin in shut-off<br \/>\nperformance.<br \/>\n*2. Internal components in the Power Supply Unit will deteriorate or be damaged if the Power Supply Unit is used for an<br \/>\nextended period of time exceeding the power supply output capacity or if the outputs are shorted.<br \/>\n*3. Supported only when mounted to CPU Rack.<br \/>\n*4. The tests can also be performed with the LG terminal and GR terminal connected to each other.<br \/>\n*5. Change the applied voltage gradually using the adjuster on the Tester. If the full dielectric strength voltage is applied<br \/>\nor turned OFF using the switch on the Tester, the generated impulse voltage may damage the Power Supply Unit.<\/div>\n<\/div>\n<\/div>\n<\/div>\n<div><\/div>\n<div>\n<div class=\"component-blockA01\">\n<div class=\"text\">\n<p>(Unit: mm)<\/p>\n<\/div>\n<\/div>\n<h4 class=\"heading-B02\">NJ-PA3001<\/h4>\n<div class=\"component-blockA01\">\n<div class=\"image\"><img src=\"http:\/\/www.ia.omron.com\/Images\/3076_dm_113-110898.gif\" alt=\"NJ-PA \/ PD Dimensions 1 \" \/><\/div>\n<\/div>\n<h4 class=\"heading-B02\">NJ-PD3001<\/h4>\n<div class=\"component-blockA01\">\n<div class=\"image\"><img src=\"http:\/\/www.ia.omron.com\/Images\/3076_dm_213-110900.gif\" alt=\"NJ-PA \/ PD Dimensions 2 \" \/><\/div>\n<\/div>\n<\/div>\n<div><\/div>\n<div><\/div>\n<div>\n<table id=\"global_data\" class=\"tableA01 tablesorter\" border=\"1\" cellspacing=\"0\">\n<thead>\n<tr class=\"tablesorter-header\">\n<th class=\"dl_name\">\n<div class=\"tablesorter-header-inner\">Catalog Name<\/div>\n<\/th>\n<th class=\"dl_cat_number\">\n<div class=\"tablesorter-header-inner\">Catalog Number<br \/>\n[size]<\/div>\n<\/th>\n<th class=\"dl_date tablesorter-header\">\n<div class=\"tablesorter-header-inner\">Last Update<\/div>\n<\/th>\n<\/tr>\n<\/thead>\n<tbody>\n<tr class=\"odd first-child\">\n<td><a href=\"http:\/\/www.ia.omron.com\/data_pdf\/cat\/nj-pa_pd_ds_csm1000600.pdf?id=3076\" target=\"_blank\" rel=\"noopener\"><img loading=\"lazy\" class=\"iconD01\" src=\"http:\/\/www.ia.omron.com\/resources\/images\/icon_pdf.gif\" alt=\"\" width=\"11\" height=\"12\" \/>\u00a0NJ-PA\/PD Data Sheet<\/a><\/td>\n<td>&#8211;<br \/>\n<span class=\"file-size\">[310KB]<\/span><\/td>\n<td class=\"td_date\">Nov 29, 2011<\/td>\n<\/tr>\n<\/tbody>\n<\/table>\n<\/div>\n","protected":false},"excerpt":{"rendered":"<h2 class=\"heading-B02\">Powerful power supply unit to supply stable power to the NJ-series controller.<\/h2>\n","protected":false},"featured_media":1420,"comment_status":"open","ping_status":"closed","template":"","meta":[],"product_cat":[95,63,72],"product_tag":[],"_links":{"self":[{"href":"http:\/\/store.al-tet.com\/index.php\/wp-json\/wp\/v2\/product\/1419"}],"collection":[{"href":"http:\/\/store.al-tet.com\/index.php\/wp-json\/wp\/v2\/product"}],"about":[{"href":"http:\/\/store.al-tet.com\/index.php\/wp-json\/wp\/v2\/types\/product"}],"replies":[{"embeddable":true,"href":"http:\/\/store.al-tet.com\/index.php\/wp-json\/wp\/v2\/comments?post=1419"}],"wp:featuredmedia":[{"embeddable":true,"href":"http:\/\/store.al-tet.com\/index.php\/wp-json\/wp\/v2\/media\/1420"}],"wp:attachment":[{"href":"http:\/\/store.al-tet.com\/index.php\/wp-json\/wp\/v2\/media?parent=1419"}],"wp:term":[{"taxonomy":"product_cat","embeddable":true,"href":"http:\/\/store.al-tet.com\/index.php\/wp-json\/wp\/v2\/product_cat?post=1419"},{"taxonomy":"product_tag","embeddable":true,"href":"http:\/\/store.al-tet.com\/index.php\/wp-json\/wp\/v2\/product_tag?post=1419"}],"curies":[{"name":"wp","href":"https:\/\/api.w.org\/{rel}","templated":true}]}}